{"id":263,"date":"2019-05-03T16:01:10","date_gmt":"2019-05-03T14:01:10","guid":{"rendered":"http:\/\/www.aimnet.it\/nazionaleaim\/?page_id=263"},"modified":"2025-11-10T17:37:16","modified_gmt":"2025-11-10T16:37:16","slug":"comitati","status":"publish","type":"page","link":"https:\/\/www.aimnet.it\/nazionaleaim\/comitati\/","title":{"rendered":"COMITATI"},"content":{"rendered":"<div class=\"gridContainer\">\n<h4><strong><span class=\"has-inline-color has-black-color\">PRESIDENTE DEL CONVEGNO<\/span><\/strong><br><br><\/h4>\n<\/div>\n\n<div class=\"gridContainer\">\n<p><img loading=\"lazy\" width=\"1769\" height=\"1417\" class=\"wp-image-1575\" style=\"width: 230px;\" src=\"http:\/\/www.aimnet.it\/nazionaleaim\/wp-content\/uploads\/2025\/11\/POLA_Annalisa-02.jpg\" alt=\"\" srcset=\"https:\/\/www.aimnet.it\/nazionaleaim\/wp-content\/uploads\/2025\/11\/POLA_Annalisa-02.jpg 1769w, https:\/\/www.aimnet.it\/nazionaleaim\/wp-content\/uploads\/2025\/11\/POLA_Annalisa-02-300x240.jpg 300w, https:\/\/www.aimnet.it\/nazionaleaim\/wp-content\/uploads\/2025\/11\/POLA_Annalisa-02-1024x820.jpg 1024w, https:\/\/www.aimnet.it\/nazionaleaim\/wp-content\/uploads\/2025\/11\/POLA_Annalisa-02-768x615.jpg 768w, https:\/\/www.aimnet.it\/nazionaleaim\/wp-content\/uploads\/2025\/11\/POLA_Annalisa-02-1536x1230.jpg 1536w, https:\/\/www.aimnet.it\/nazionaleaim\/wp-content\/uploads\/2025\/11\/POLA_Annalisa-02-1232x987.jpg 1232w, https:\/\/www.aimnet.it\/nazionaleaim\/wp-content\/uploads\/2025\/11\/POLA_Annalisa-02-1348x1080.jpg 1348w\" sizes=\"(max-width: 1769px) 100vw, 1769px\" \/><br><strong>Annalisa Pola<\/strong><br>Professore Ordinario<br>Universit\u00e0 degli Studi di Brescia<\/p>\n<\/div>\n\n<div class=\"gridContainer\">\n<h4><br><strong><span class=\"has-inline-color has-black-color\">COMITATO SCIENTIFICO<\/span><\/strong><\/h4>\n<\/div>\n\n<div class=\"gridContainer\">\n<p><br>Paola Bassani &#8211; Metallurgia Fisica e Scienza dei Materiali<br>Giovanni Bolelli &#8211; Rivestimenti e Tribologia<br>Franco Bonollo &#8211; Coord. Universitario per la Didattica e la Ricerca in Metallurgia<br>Ettore Bordon &#8211; Ambiente e Sicurezza<br>Marina Cabrini &#8211; Corrosione<br>Giovanni Caironi &#8211; Fonderia AIM\/Assofond<br>Guido Capoferri &#8211; Lavorazioni Plastiche dei Metalli<br>Vincenzo Loconsolo &#8211; Metalli e Tecnologie Applicative<br>Gian Luca Garagnani &#8211; Storia della Metallurgia<br>Igor Giroletti &#8211; Controllo e Caratterizzazione Prodotti<br>Carlo Mapelli &#8211; Acciaieria<br>Enrico Morgano &#8211; Trattamenti Termici e Metallografia<br>Piero Parona &#8211; Pressocolata<br>Ilaria Rampin &#8211; Metallurgia delle Polveri e Tecnologie Additive<br>Dario Ripamonti &#8211; Materiali per l\u2019Energia<br>Alessandra Saleri &#8211; Forgiatura<br>Giulio Timelli &#8211; Metalli Leggeri<\/p>\n<\/div>\n\n<div class=\"gridContainer\">\n<h4><br><strong><span class=\"has-inline-color has-black-color\">COMITATO ORGANIZZATORE<\/span><\/strong><\/h4>\n<\/div>\n\n<div class=\"gridContainer\">\n<p><br>Federica Bassani &#8211; Segretario Generale AIM<br>Antonio Del Grosso &#8211; Segreteria AIM<br>Silvano Panza &#8211; Presidente AIM<br>Annalisa Pola &#8211; Universit\u00e0 degli Studi di Brescia<br>Marcello Gelfi &#8211; Universit\u00e0 degli Studi di Brescia<br>Maria Beatrice Abrami &#8211; Universit\u00e0 degli Studi di Brescia<br>Marialaura Tocci &#8211; Universit\u00e0 degli Studi di Brescia <\/p>\n<\/div>\n\n<div class=\"gridContainer\">\n<figure class=\"wp-block-gallery columns-3 is-cropped\"><ul class=\"blocks-gallery-grid\"><li class=\"blocks-gallery-item\"><figure><img loading=\"lazy\" width=\"1024\" height=\"683\" src=\"http:\/\/www.aimnet.it\/nazionaleaim\/wp-content\/uploads\/2025\/11\/brescia-piazza-paolo-vi-duomo-nuovo-vecchio-1024x683.jpg\" alt=\"\" data-id=\"1519\" data-full-url=\"http:\/\/www.aimnet.it\/nazionaleaim\/wp-content\/uploads\/2025\/11\/brescia-piazza-paolo-vi-duomo-nuovo-vecchio-scaled.jpg\" data-link=\"https:\/\/www.aimnet.it\/nazionaleaim\/callforpaper\/brescia-piazza-paolo-vi-duomo-nuovo-vecchio\/\" class=\"wp-image-1519\" srcset=\"https:\/\/www.aimnet.it\/nazionaleaim\/wp-content\/uploads\/2025\/11\/brescia-piazza-paolo-vi-duomo-nuovo-vecchio-1024x683.jpg 1024w, https:\/\/www.aimnet.it\/nazionaleaim\/wp-content\/uploads\/2025\/11\/brescia-piazza-paolo-vi-duomo-nuovo-vecchio-300x200.jpg 300w, https:\/\/www.aimnet.it\/nazionaleaim\/wp-content\/uploads\/2025\/11\/brescia-piazza-paolo-vi-duomo-nuovo-vecchio-768x512.jpg 768w, https:\/\/www.aimnet.it\/nazionaleaim\/wp-content\/uploads\/2025\/11\/brescia-piazza-paolo-vi-duomo-nuovo-vecchio-1536x1024.jpg 1536w, https:\/\/www.aimnet.it\/nazionaleaim\/wp-content\/uploads\/2025\/11\/brescia-piazza-paolo-vi-duomo-nuovo-vecchio-2048x1366.jpg 2048w, https:\/\/www.aimnet.it\/nazionaleaim\/wp-content\/uploads\/2025\/11\/brescia-piazza-paolo-vi-duomo-nuovo-vecchio-1232x821.jpg 1232w, https:\/\/www.aimnet.it\/nazionaleaim\/wp-content\/uploads\/2025\/11\/brescia-piazza-paolo-vi-duomo-nuovo-vecchio-1620x1080.jpg 1620w\" sizes=\"(max-width: 1024px) 100vw, 1024px\" \/><\/figure><\/li><li class=\"blocks-gallery-item\"><figure><img loading=\"lazy\" width=\"1024\" height=\"769\" src=\"http:\/\/www.aimnet.it\/nazionaleaim\/wp-content\/uploads\/2025\/11\/Brescia_capitolium-1024x769.jpeg\" alt=\"\" data-id=\"1491\" data-full-url=\"http:\/\/www.aimnet.it\/nazionaleaim\/wp-content\/uploads\/2025\/11\/Brescia_capitolium-scaled.jpeg\" data-link=\"https:\/\/www.aimnet.it\/nazionaleaim\/brescia\/ruins-of-the-roman-temple-called-capitolium-or-tempio-capitolino-in-brescia-italy-built-by-vespasian-in-the-year-73-ad\/\" class=\"wp-image-1491\" srcset=\"https:\/\/www.aimnet.it\/nazionaleaim\/wp-content\/uploads\/2025\/11\/Brescia_capitolium-1024x769.jpeg 1024w, https:\/\/www.aimnet.it\/nazionaleaim\/wp-content\/uploads\/2025\/11\/Brescia_capitolium-300x225.jpeg 300w, https:\/\/www.aimnet.it\/nazionaleaim\/wp-content\/uploads\/2025\/11\/Brescia_capitolium-768x577.jpeg 768w, https:\/\/www.aimnet.it\/nazionaleaim\/wp-content\/uploads\/2025\/11\/Brescia_capitolium-1536x1154.jpeg 1536w, https:\/\/www.aimnet.it\/nazionaleaim\/wp-content\/uploads\/2025\/11\/Brescia_capitolium-2048x1538.jpeg 2048w, https:\/\/www.aimnet.it\/nazionaleaim\/wp-content\/uploads\/2025\/11\/Brescia_capitolium-1232x925.jpeg 1232w, https:\/\/www.aimnet.it\/nazionaleaim\/wp-content\/uploads\/2025\/11\/Brescia_capitolium-1438x1080.jpeg 1438w\" sizes=\"(max-width: 1024px) 100vw, 1024px\" \/><\/figure><\/li><li class=\"blocks-gallery-item\"><figure><img loading=\"lazy\" width=\"1024\" height=\"683\" src=\"http:\/\/www.aimnet.it\/nazionaleaim\/wp-content\/uploads\/2025\/11\/brescia-castello-1024x683.jpg\" alt=\"\" data-id=\"1492\" data-full-url=\"http:\/\/www.aimnet.it\/nazionaleaim\/wp-content\/uploads\/2025\/11\/brescia-castello-scaled.jpg\" data-link=\"https:\/\/www.aimnet.it\/nazionaleaim\/brescia\/brescia-castello\/\" class=\"wp-image-1492\" srcset=\"https:\/\/www.aimnet.it\/nazionaleaim\/wp-content\/uploads\/2025\/11\/brescia-castello-1024x683.jpg 1024w, https:\/\/www.aimnet.it\/nazionaleaim\/wp-content\/uploads\/2025\/11\/brescia-castello-300x200.jpg 300w, https:\/\/www.aimnet.it\/nazionaleaim\/wp-content\/uploads\/2025\/11\/brescia-castello-768x512.jpg 768w, https:\/\/www.aimnet.it\/nazionaleaim\/wp-content\/uploads\/2025\/11\/brescia-castello-1536x1024.jpg 1536w, https:\/\/www.aimnet.it\/nazionaleaim\/wp-content\/uploads\/2025\/11\/brescia-castello-2048x1366.jpg 2048w, https:\/\/www.aimnet.it\/nazionaleaim\/wp-content\/uploads\/2025\/11\/brescia-castello-1232x821.jpg 1232w, https:\/\/www.aimnet.it\/nazionaleaim\/wp-content\/uploads\/2025\/11\/brescia-castello-1620x1080.jpg 1620w\" sizes=\"(max-width: 1024px) 100vw, 1024px\" \/><\/figure><\/li><\/ul><\/figure>\n<\/div>","protected":false},"excerpt":{"rendered":"<p>PRESIDENTE DEL CONVEGNO Annalisa PolaProfessore OrdinarioUniversit\u00e0 degli Studi di Brescia COMITATO SCIENTIFICO Paola Bassani &#8211; Metallurgia Fisica e Scienza dei MaterialiGiovanni Bolelli &#8211; Rivestimenti e TribologiaFranco Bonollo &#8211; Coord. Universitario per la Didattica e la Ricerca in MetallurgiaEttore Bordon &#8211; Ambiente e SicurezzaMarina Cabrini &#8211; CorrosioneGiovanni Caironi &#8211; Fonderia AIM\/AssofondGuido Capoferri &#8211; Lavorazioni Plastiche dei&nbsp;&hellip;<\/p>\n","protected":false},"author":1,"featured_media":1449,"parent":0,"menu_order":0,"comment_status":"closed","ping_status":"closed","template":"","meta":[],"_links":{"self":[{"href":"https:\/\/www.aimnet.it\/nazionaleaim\/wp-json\/wp\/v2\/pages\/263"}],"collection":[{"href":"https:\/\/www.aimnet.it\/nazionaleaim\/wp-json\/wp\/v2\/pages"}],"about":[{"href":"https:\/\/www.aimnet.it\/nazionaleaim\/wp-json\/wp\/v2\/types\/page"}],"author":[{"embeddable":true,"href":"https:\/\/www.aimnet.it\/nazionaleaim\/wp-json\/wp\/v2\/users\/1"}],"replies":[{"embeddable":true,"href":"https:\/\/www.aimnet.it\/nazionaleaim\/wp-json\/wp\/v2\/comments?post=263"}],"version-history":[{"count":40,"href":"https:\/\/www.aimnet.it\/nazionaleaim\/wp-json\/wp\/v2\/pages\/263\/revisions"}],"predecessor-version":[{"id":1577,"href":"https:\/\/www.aimnet.it\/nazionaleaim\/wp-json\/wp\/v2\/pages\/263\/revisions\/1577"}],"wp:featuredmedia":[{"embeddable":true,"href":"https:\/\/www.aimnet.it\/nazionaleaim\/wp-json\/wp\/v2\/media\/1449"}],"wp:attachment":[{"href":"https:\/\/www.aimnet.it\/nazionaleaim\/wp-json\/wp\/v2\/media?parent=263"}],"curies":[{"name":"wp","href":"https:\/\/api.w.org\/{rel}","templated":true}]}}