{"id":1490,"date":"2025-11-03T13:43:57","date_gmt":"2025-11-03T12:43:57","guid":{"rendered":"https:\/\/www.aimnet.it\/nazionaleaim\/?page_id=1490"},"modified":"2025-11-10T17:39:59","modified_gmt":"2025-11-10T16:39:59","slug":"brescia","status":"publish","type":"page","link":"https:\/\/www.aimnet.it\/nazionaleaim\/brescia\/","title":{"rendered":"BRESCIA"},"content":{"rendered":"<div class=\"gridContainer\">\n<h4>Sede del Convegno<br><\/h4>\n<\/div>\n\n<div class=\"gridContainer\">\n<p>Le sessioni tecniche del Convegno si terranno a Brescia presso la sede dell&#8217;Universit\u00e0 di Brescia, Dipartimento di Ingegneria Meccanica e Gestionale.<\/p>\n<\/div>\n\n<div class=\"gridContainer\">\n<figure class=\"wp-block-gallery columns-3 is-cropped\"><ul class=\"blocks-gallery-grid\"><li class=\"blocks-gallery-item\"><figure><img loading=\"lazy\" width=\"1024\" height=\"768\" src=\"https:\/\/www.aimnet.it\/nazionaleaim\/wp-content\/uploads\/2025\/11\/INGE-3-1-1024x768.jpg\" alt=\"\" data-id=\"1566\" data-full-url=\"https:\/\/www.aimnet.it\/nazionaleaim\/wp-content\/uploads\/2025\/11\/INGE-3-1.jpg\" data-link=\"https:\/\/www.aimnet.it\/nazionaleaim\/callforpaper\/inge-3-1\/\" class=\"wp-image-1566\" srcset=\"https:\/\/www.aimnet.it\/nazionaleaim\/wp-content\/uploads\/2025\/11\/INGE-3-1-1024x768.jpg 1024w, https:\/\/www.aimnet.it\/nazionaleaim\/wp-content\/uploads\/2025\/11\/INGE-3-1-300x225.jpg 300w, https:\/\/www.aimnet.it\/nazionaleaim\/wp-content\/uploads\/2025\/11\/INGE-3-1-768x576.jpg 768w, https:\/\/www.aimnet.it\/nazionaleaim\/wp-content\/uploads\/2025\/11\/INGE-3-1-1232x924.jpg 1232w, https:\/\/www.aimnet.it\/nazionaleaim\/wp-content\/uploads\/2025\/11\/INGE-3-1.jpg 1280w\" sizes=\"(max-width: 1024px) 100vw, 1024px\" \/><\/figure><\/li><li class=\"blocks-gallery-item\"><figure><img loading=\"lazy\" width=\"1024\" height=\"586\" src=\"https:\/\/www.aimnet.it\/nazionaleaim\/wp-content\/uploads\/2025\/11\/INGE-5-1024x586.jpg\" alt=\"\" data-id=\"1567\" data-full-url=\"https:\/\/www.aimnet.it\/nazionaleaim\/wp-content\/uploads\/2025\/11\/INGE-5.jpg\" data-link=\"https:\/\/www.aimnet.it\/nazionaleaim\/callforpaper\/inge-5\/\" class=\"wp-image-1567\" srcset=\"https:\/\/www.aimnet.it\/nazionaleaim\/wp-content\/uploads\/2025\/11\/INGE-5-1024x586.jpg 1024w, https:\/\/www.aimnet.it\/nazionaleaim\/wp-content\/uploads\/2025\/11\/INGE-5-300x172.jpg 300w, https:\/\/www.aimnet.it\/nazionaleaim\/wp-content\/uploads\/2025\/11\/INGE-5-768x439.jpg 768w, https:\/\/www.aimnet.it\/nazionaleaim\/wp-content\/uploads\/2025\/11\/INGE-5-1232x705.jpg 1232w, https:\/\/www.aimnet.it\/nazionaleaim\/wp-content\/uploads\/2025\/11\/INGE-5.jpg 1280w\" sizes=\"(max-width: 1024px) 100vw, 1024px\" \/><\/figure><\/li><li class=\"blocks-gallery-item\"><figure><img loading=\"lazy\" width=\"1024\" height=\"682\" src=\"https:\/\/www.aimnet.it\/nazionaleaim\/wp-content\/uploads\/2025\/11\/INGE-7-1024x682.jpg\" alt=\"\" data-id=\"1568\" data-full-url=\"https:\/\/www.aimnet.it\/nazionaleaim\/wp-content\/uploads\/2025\/11\/INGE-7.jpg\" data-link=\"https:\/\/www.aimnet.it\/nazionaleaim\/callforpaper\/inge-7\/\" class=\"wp-image-1568\" srcset=\"https:\/\/www.aimnet.it\/nazionaleaim\/wp-content\/uploads\/2025\/11\/INGE-7-1024x682.jpg 1024w, https:\/\/www.aimnet.it\/nazionaleaim\/wp-content\/uploads\/2025\/11\/INGE-7-300x200.jpg 300w, https:\/\/www.aimnet.it\/nazionaleaim\/wp-content\/uploads\/2025\/11\/INGE-7-768x511.jpg 768w, https:\/\/www.aimnet.it\/nazionaleaim\/wp-content\/uploads\/2025\/11\/INGE-7-1232x820.jpg 1232w, https:\/\/www.aimnet.it\/nazionaleaim\/wp-content\/uploads\/2025\/11\/INGE-7.jpg 1280w\" sizes=\"(max-width: 1024px) 100vw, 1024px\" \/><\/figure><\/li><\/ul><figcaption class=\"blocks-gallery-caption\">Universit\u00e0 degli Studi di Brescia, esterni del Dipartimento di Ingegneria Meccanica e Industriale<\/figcaption><\/figure>\n<\/div>\n\n<div class=\"gridContainer\">\n<h4>Ospitalit\u00e0<br><\/h4>\n<\/div>\n\n<div class=\"gridContainer\">\n<p>La lista degli hotel consigliati\/convenzionati sar\u00e0 pubblicata su questa pagina.<\/p>\n<\/div>\n\n<div class=\"gridContainer\">\n<h4><br>Brescia<br><\/h4>\n<\/div>\n\n<div class=\"gridContainer\">\n<p>Brescia, citt\u00e0 riconosciuta dall\u2019UNESCO per il suo ricco patrimonio architettonico, si presenta oggi anche come un simbolo del futuro della metallurgia.<br>Con acciaierie all\u2019avanguardia, distretti produttivi dinamici e una vibrante offerta culturale ed enogastronomica, rappresenta un perfetto connubio tra innovazione tecnologica e qualit\u00e0 della vita. Da sempre terra di progresso, oggi \u00e8 protagonista della transizione ecologica e digitale che sta ridefinendo il settore industriale.<br>Brescia, infatti, \u00e8 uno dei principali poli europei nel settore della metallurgia e della produzione di acciaio. Il suo distretto industriale, tra i pi\u00f9 avanzati d\u2019Italia, integra imprese di eccellenza, centri di ricerca e istituzioni accademiche, configurandosi come un modello di sviluppo tecnologico e produttivo.<br>Le acciaierie bresciane si distinguono per l\u2019elevato livello di innovazione e per l\u2019impegno nella transizione ecologica e digitale, con investimenti orientati alla riduzione delle emissioni, al recupero dei materiali e all\u2019introduzione di processi basati su energie rinnovabili e sull\u2019idrogeno verde.<\/p>\n<\/div>\n\n<div class=\"gridContainer\">\n<figure class=\"wp-block-gallery columns-3 is-cropped\"><ul class=\"blocks-gallery-grid\"><li class=\"blocks-gallery-item\"><figure><img loading=\"lazy\" width=\"1024\" height=\"683\" src=\"http:\/\/www.aimnet.it\/nazionaleaim\/wp-content\/uploads\/2025\/11\/brescia-piazza-paolo-vi-duomo-nuovo-vecchio-1024x683.jpg\" alt=\"\" data-id=\"1519\" data-full-url=\"http:\/\/www.aimnet.it\/nazionaleaim\/wp-content\/uploads\/2025\/11\/brescia-piazza-paolo-vi-duomo-nuovo-vecchio-scaled.jpg\" data-link=\"https:\/\/www.aimnet.it\/nazionaleaim\/callforpaper\/brescia-piazza-paolo-vi-duomo-nuovo-vecchio\/\" class=\"wp-image-1519\" srcset=\"https:\/\/www.aimnet.it\/nazionaleaim\/wp-content\/uploads\/2025\/11\/brescia-piazza-paolo-vi-duomo-nuovo-vecchio-1024x683.jpg 1024w, https:\/\/www.aimnet.it\/nazionaleaim\/wp-content\/uploads\/2025\/11\/brescia-piazza-paolo-vi-duomo-nuovo-vecchio-300x200.jpg 300w, https:\/\/www.aimnet.it\/nazionaleaim\/wp-content\/uploads\/2025\/11\/brescia-piazza-paolo-vi-duomo-nuovo-vecchio-768x512.jpg 768w, https:\/\/www.aimnet.it\/nazionaleaim\/wp-content\/uploads\/2025\/11\/brescia-piazza-paolo-vi-duomo-nuovo-vecchio-1536x1024.jpg 1536w, https:\/\/www.aimnet.it\/nazionaleaim\/wp-content\/uploads\/2025\/11\/brescia-piazza-paolo-vi-duomo-nuovo-vecchio-2048x1366.jpg 2048w, https:\/\/www.aimnet.it\/nazionaleaim\/wp-content\/uploads\/2025\/11\/brescia-piazza-paolo-vi-duomo-nuovo-vecchio-1232x821.jpg 1232w, https:\/\/www.aimnet.it\/nazionaleaim\/wp-content\/uploads\/2025\/11\/brescia-piazza-paolo-vi-duomo-nuovo-vecchio-1620x1080.jpg 1620w\" sizes=\"(max-width: 1024px) 100vw, 1024px\" \/><\/figure><\/li><li class=\"blocks-gallery-item\"><figure><img loading=\"lazy\" width=\"1024\" height=\"769\" src=\"http:\/\/www.aimnet.it\/nazionaleaim\/wp-content\/uploads\/2025\/11\/Brescia_capitolium-1024x769.jpeg\" alt=\"\" data-id=\"1491\" data-full-url=\"http:\/\/www.aimnet.it\/nazionaleaim\/wp-content\/uploads\/2025\/11\/Brescia_capitolium-scaled.jpeg\" data-link=\"https:\/\/www.aimnet.it\/nazionaleaim\/brescia\/ruins-of-the-roman-temple-called-capitolium-or-tempio-capitolino-in-brescia-italy-built-by-vespasian-in-the-year-73-ad\/\" class=\"wp-image-1491\" srcset=\"https:\/\/www.aimnet.it\/nazionaleaim\/wp-content\/uploads\/2025\/11\/Brescia_capitolium-1024x769.jpeg 1024w, https:\/\/www.aimnet.it\/nazionaleaim\/wp-content\/uploads\/2025\/11\/Brescia_capitolium-300x225.jpeg 300w, https:\/\/www.aimnet.it\/nazionaleaim\/wp-content\/uploads\/2025\/11\/Brescia_capitolium-768x577.jpeg 768w, https:\/\/www.aimnet.it\/nazionaleaim\/wp-content\/uploads\/2025\/11\/Brescia_capitolium-1536x1154.jpeg 1536w, https:\/\/www.aimnet.it\/nazionaleaim\/wp-content\/uploads\/2025\/11\/Brescia_capitolium-2048x1538.jpeg 2048w, https:\/\/www.aimnet.it\/nazionaleaim\/wp-content\/uploads\/2025\/11\/Brescia_capitolium-1232x925.jpeg 1232w, https:\/\/www.aimnet.it\/nazionaleaim\/wp-content\/uploads\/2025\/11\/Brescia_capitolium-1438x1080.jpeg 1438w\" sizes=\"(max-width: 1024px) 100vw, 1024px\" \/><\/figure><\/li><li class=\"blocks-gallery-item\"><figure><img loading=\"lazy\" width=\"1024\" height=\"683\" src=\"http:\/\/www.aimnet.it\/nazionaleaim\/wp-content\/uploads\/2025\/11\/brescia-castello-1024x683.jpg\" alt=\"\" data-id=\"1492\" data-full-url=\"http:\/\/www.aimnet.it\/nazionaleaim\/wp-content\/uploads\/2025\/11\/brescia-castello-scaled.jpg\" data-link=\"https:\/\/www.aimnet.it\/nazionaleaim\/brescia\/brescia-castello\/\" class=\"wp-image-1492\" srcset=\"https:\/\/www.aimnet.it\/nazionaleaim\/wp-content\/uploads\/2025\/11\/brescia-castello-1024x683.jpg 1024w, https:\/\/www.aimnet.it\/nazionaleaim\/wp-content\/uploads\/2025\/11\/brescia-castello-300x200.jpg 300w, https:\/\/www.aimnet.it\/nazionaleaim\/wp-content\/uploads\/2025\/11\/brescia-castello-768x512.jpg 768w, https:\/\/www.aimnet.it\/nazionaleaim\/wp-content\/uploads\/2025\/11\/brescia-castello-1536x1024.jpg 1536w, https:\/\/www.aimnet.it\/nazionaleaim\/wp-content\/uploads\/2025\/11\/brescia-castello-2048x1366.jpg 2048w, https:\/\/www.aimnet.it\/nazionaleaim\/wp-content\/uploads\/2025\/11\/brescia-castello-1232x821.jpg 1232w, https:\/\/www.aimnet.it\/nazionaleaim\/wp-content\/uploads\/2025\/11\/brescia-castello-1620x1080.jpg 1620w\" sizes=\"(max-width: 1024px) 100vw, 1024px\" \/><\/figure><\/li><\/ul><\/figure>\n<\/div>\n\n<div class=\"gridContainer\">\n<h4>Link utili<br><\/h4>\n<\/div>\n\n<div class=\"gridContainer\">\n<p>Trasporti pubblici &gt;&gt; https:\/\/www.bresciamobilita.it\/<\/p>\n<\/div>\n\n<div class=\"gridContainer\">\n<p>Informazioni turistiche &gt;&gt; https:\/\/www.visitbrescia.it\/<\/p>\n<\/div>\n\n<div class=\"gridContainer\">\n<figure class=\"wp-block-embed aligncenter is-type-video is-provider-youtube wp-block-embed-youtube wp-embed-aspect-16-9 wp-has-aspect-ratio\"><div class=\"wp-block-embed__wrapper\">\n<div class='embed-container'><iframe loading=\"lazy\" title=\"#Brescia, Your next destination!\" width=\"1778\" height=\"1000\" src=\"https:\/\/www.youtube.com\/embed\/qGO5_n4giSA?feature=oembed\" frameborder=\"0\" allow=\"accelerometer; autoplay; clipboard-write; encrypted-media; gyroscope; picture-in-picture; web-share\" referrerpolicy=\"strict-origin-when-cross-origin\" allowfullscreen><\/iframe><\/div>\n<\/div><\/figure>\n<\/div>","protected":false},"excerpt":{"rendered":"<p>Sede del Convegno Le sessioni tecniche del Convegno si terranno a Brescia presso la sede dell&#8217;Universit\u00e0 di Brescia, Dipartimento di Ingegneria Meccanica e Gestionale. Ospitalit\u00e0 La lista degli hotel consigliati\/convenzionati sar\u00e0 pubblicata su questa pagina. Brescia Brescia, citt\u00e0 riconosciuta dall\u2019UNESCO per il suo ricco patrimonio architettonico, si presenta oggi anche come un simbolo del futuro&nbsp;&hellip;<\/p>\n","protected":false},"author":1,"featured_media":1449,"parent":0,"menu_order":0,"comment_status":"closed","ping_status":"closed","template":"","meta":[],"_links":{"self":[{"href":"https:\/\/www.aimnet.it\/nazionaleaim\/wp-json\/wp\/v2\/pages\/1490"}],"collection":[{"href":"https:\/\/www.aimnet.it\/nazionaleaim\/wp-json\/wp\/v2\/pages"}],"about":[{"href":"https:\/\/www.aimnet.it\/nazionaleaim\/wp-json\/wp\/v2\/types\/page"}],"author":[{"embeddable":true,"href":"https:\/\/www.aimnet.it\/nazionaleaim\/wp-json\/wp\/v2\/users\/1"}],"replies":[{"embeddable":true,"href":"https:\/\/www.aimnet.it\/nazionaleaim\/wp-json\/wp\/v2\/comments?post=1490"}],"version-history":[{"count":10,"href":"https:\/\/www.aimnet.it\/nazionaleaim\/wp-json\/wp\/v2\/pages\/1490\/revisions"}],"predecessor-version":[{"id":1580,"href":"https:\/\/www.aimnet.it\/nazionaleaim\/wp-json\/wp\/v2\/pages\/1490\/revisions\/1580"}],"wp:featuredmedia":[{"embeddable":true,"href":"https:\/\/www.aimnet.it\/nazionaleaim\/wp-json\/wp\/v2\/media\/1449"}],"wp:attachment":[{"href":"https:\/\/www.aimnet.it\/nazionaleaim\/wp-json\/wp\/v2\/media?parent=1490"}],"curies":[{"name":"wp","href":"https:\/\/api.w.org\/{rel}","templated":true}]}}