{"id":99,"date":"2019-05-13T15:25:27","date_gmt":"2019-05-13T13:25:27","guid":{"rendered":"http:\/\/localhost:8888\/gnc2019\/?page_id=99"},"modified":"2023-06-12T12:03:14","modified_gmt":"2023-06-12T10:03:14","slug":"sponsorizzazione","status":"publish","type":"page","link":"https:\/\/www.aimnet.it\/gncorrosione\/sponsorizzazione\/","title":{"rendered":"SPONSORIZZAZIONE"},"content":{"rendered":"\n<p>Le Giornate Nazionali di Corrosione e Protezione, co-organizzate da AIM (Associazione Italiana di Metallurgia), APCE (Associazione per la Protezione dalle Corrosioni Elettrolitiche) e da AMPP Italy Chapter, offrono un\u2019occasione unica di visibilit\u00e0 all&#8217;interno del settore.<br>Diventare sponsor permette infatti di accrescere o consolidare la notoriet\u00e0 della propria attivit\u00e0 e di accreditarsi all\u2019interno di un palcoscenico di grande rilievo a livello nazionale.<\/p>\n\n\n\n<h6 class=\"wp-block-heading\"><br><strong>>> <a rel=\"noreferrer noopener\" href=\"https:\/\/www.metallurgia-italiana.net\/public\/PDF\/2023\/GNCORROSIONE\/GN_CORROSIONE_2023_SPONSORSHIP.pdf\" target=\"_blank\">DOWNLOAD PROPOSTA PER LE AZIENDE<\/a><\/strong><br><br>Le aziende interessate possono inoltre richiedere informazioni e chiarimenti alla Segreteria organizzativa.<\/h6>\n\n\n\n<h3 class=\"wp-block-heading\">SPONSOR DEL CONVEGNO<\/h3>\n\n\n<p><a href=\"https:\/\/www.amelchem.com\/\" target=\"_blank\" rel=\"noopener\"><img loading=\"lazy\" decoding=\"async\" class=\"alignleft wp-image-868 size-full\" src=\"https:\/\/www.aimnet.it\/gncorrosione\/wp-content\/uploads\/2023\/06\/amel-1.png\" alt=\"\" width=\"200\" height=\"111\" \/><\/a> <a href=\"https:\/\/www.cescor.it\" target=\"_blank\" rel=\"noopener\"><img loading=\"lazy\" decoding=\"async\" class=\"alignleft wp-image-869 size-full\" src=\"https:\/\/www.aimnet.it\/gncorrosione\/wp-content\/uploads\/2023\/06\/cescor.png\" alt=\"\" width=\"200\" height=\"111\" \/><\/a> <a href=\"https:\/\/www.evidentscientific.com\" target=\"_blank\" rel=\"noopener\"><img loading=\"lazy\" decoding=\"async\" class=\"alignleft wp-image-870 size-full\" src=\"https:\/\/www.aimnet.it\/gncorrosione\/wp-content\/uploads\/2023\/06\/evident.png\" alt=\"\" width=\"200\" height=\"111\" \/><\/a><\/p>\n\n\n<p><\/p>\n","protected":false},"excerpt":{"rendered":"<p>Le Giornate Nazionali di Corrosione e Protezione, co-organizzate da AIM (Associazione Italiana di Metallurgia), APCE (Associazione per la Protezione dalle<\/p>\n","protected":false},"author":1,"featured_media":439,"parent":0,"menu_order":0,"comment_status":"closed","ping_status":"closed","template":"","meta":{"footnotes":""},"class_list":["post-99","page","type-page","status-publish","has-post-thumbnail","hentry"],"_links":{"self":[{"href":"https:\/\/www.aimnet.it\/gncorrosione\/wp-json\/wp\/v2\/pages\/99","targetHints":{"allow":["GET"]}}],"collection":[{"href":"https:\/\/www.aimnet.it\/gncorrosione\/wp-json\/wp\/v2\/pages"}],"about":[{"href":"https:\/\/www.aimnet.it\/gncorrosione\/wp-json\/wp\/v2\/types\/page"}],"author":[{"embeddable":true,"href":"https:\/\/www.aimnet.it\/gncorrosione\/wp-json\/wp\/v2\/users\/1"}],"replies":[{"embeddable":true,"href":"https:\/\/www.aimnet.it\/gncorrosione\/wp-json\/wp\/v2\/comments?post=99"}],"version-history":[{"count":37,"href":"https:\/\/www.aimnet.it\/gncorrosione\/wp-json\/wp\/v2\/pages\/99\/revisions"}],"predecessor-version":[{"id":875,"href":"https:\/\/www.aimnet.it\/gncorrosione\/wp-json\/wp\/v2\/pages\/99\/revisions\/875"}],"wp:featuredmedia":[{"embeddable":true,"href":"https:\/\/www.aimnet.it\/gncorrosione\/wp-json\/wp\/v2\/media\/439"}],"wp:attachment":[{"href":"https:\/\/www.aimnet.it\/gncorrosione\/wp-json\/wp\/v2\/media?parent=99"}],"curies":[{"name":"wp","href":"https:\/\/api.w.org\/{rel}","templated":true}]}}