{"id":155,"date":"2026-03-24T08:55:52","date_gmt":"2026-03-24T07:55:52","guid":{"rendered":"https:\/\/www.aimnet.it\/eac\/?page_id=155"},"modified":"2026-03-26T09:36:37","modified_gmt":"2026-03-26T08:36:37","slug":"programme","status":"publish","type":"page","link":"https:\/\/www.aimnet.it\/eac\/programme\/","title":{"rendered":"Programme"},"content":{"rendered":"\n<div class=\"wp-block-buttons is-layout-flex wp-block-buttons-is-layout-flex\">\n<div class=\"wp-block-button\"><a class=\"wp-block-button__link has-ast-global-color-6-color has-text-color has-background has-link-color wp-element-button\" href=\"https:\/\/www.aimnet.it\/public\/Eventi\/17655530453884.pdf\" style=\"background-color:#d0b0b0\" target=\"_blank\" rel=\"noreferrer noopener\">PDF PROGRAMME<\/a><\/div>\n<\/div>\n\n\n\n<p class=\"has-text-align-left has-text-color has-link-color has-medium-font-size wp-elements-27929139926864f2a776999d312c76df\" style=\"color:#aa5564;font-style:normal;font-weight:800;line-height:1.3\"><strong>Sunday, 5 July 2026<\/strong><br><strong>Castello di Milazzo<\/strong><\/p>\n\n\n\n<p class=\"has-ast-global-color-6-color has-text-color has-link-color wp-elements-c413bc74e2d52c29b68246b66f8af6ca\" style=\"font-size:17px;line-height:1.3\">Aperitif with team building<br><br>15:00 Registration<br>16:00 Welcome to participants and introduction to the School<br>16:30 Meet the participants. Each participant will be able to present their activity\/research<br><strong><br>Cocktail &amp; Social time<\/strong><\/p>\n\n\n\n<p class=\"has-text-color has-link-color has-medium-font-size wp-elements-dbb825ee68e820d7c04c6a26a9323319\" style=\"color:#aa5564;font-style:normal;font-weight:800;line-height:1.3\"><strong>Monday, 6 July 2026<\/strong><br><strong>Palazzo d&#8217;Amico<\/strong><\/p>\n\n\n\n<p class=\"has-text-align-left has-ast-global-color-6-color has-text-color has-link-color wp-elements-5f96e24581adaa833865fed6d2b14bfb\" style=\"font-size:17px;line-height:1.3\">09:00 Environmental assisted cracking mechanisms. Parkins Theory. Microstructurestress\/strain-environment<br><strong>DIRK ENGELBERG<\/strong><br><br>09:45 Short breathing break<br><br>10:00 Electrochemistry aspect in EAC: from slip dissolution to hydrogen electrochemical reduction reaction<br><strong>DIRK ENGELBERG<\/strong><br><br>10:45 Coffee break<br><br>11:15 Mechanism of hydrogen embrittlement: Hydrogen entry, transport and effect on crack growth in metals<br><strong>TOM\u00c1\u0160 PRO\u0160EK<\/strong><br><br>12:00 Greener future and safety of hydrogen gas infrastructure<br><strong>MARINA CABRINI<\/strong><br><br>12:30 Lunch<br><br>13:30 Principles of fracture mechanics and their application on EAC phenomena<br><strong>FABIO SCENINI<\/strong><br><br>14:45 EAC in the nuclear industry<br><strong>FABIO SCENINI<\/strong><br><br>16:00 Short breathing break<br><br>16:15 Low temperature SCC of stainless steel in chloride environment: What swimming pools, climbing rocks and containers for nuclear waste have in common?<br><strong>TOM\u00c1\u0160 PRO\u0160EK<br><\/strong><br>17:00 Differences between chloride induced SCC under atmospheric and immersed conditions<br><strong>TONY COOK<\/strong><\/p>\n\n\n\n<p class=\"has-text-color has-link-color has-medium-font-size wp-elements-f28c4b1ad701de9495e44383fe2adde4\" style=\"color:#aa5564;font-style:normal;font-weight:800;line-height:1.3\"><strong>Tuesday, 7 July 2026<\/strong><br><strong>Palazzo d&#8217;Amico<\/strong><\/p>\n\n\n\n<p class=\"has-ast-global-color-6-color has-text-color has-link-color wp-elements-f3cb1b26f89487b601fb79cb1e12ccc6\" style=\"font-size:17px;line-height:1.3\">09:00 HAC Modelling: approaches and limits<br><strong>EDOARDO PROVERBIO<\/strong><br><br>10:15 Coffee break<br><br>10:45 Study of the failure of a prosthetic component (Co-Cr-Mo alloy) also due to fatigue phenomena<br><strong>LORENZO FEDRIZZI<\/strong><br><br>11:30 EAC in oil &amp; gas industries<br><strong>FABIO BOLZONI<\/strong><br><br>12:15 EAC of on-shore and off-shore pipelines<br><strong>MARINA CABRINI<\/strong><br><br>13:00 Lunch<br><br>14:00 EAC in Building and civil engineering <br><strong>FABIO BOLZONI<\/strong><br><br>15:00 Stress Corrosion Cracking and Corrosion Fatigue of aluminium alloys in commercial applications: Ships, Planes, Trains and other Applications<br><strong>HENRY HOLROYD<\/strong><br><br>15:45 Short breathing break<br><br>16:00 Liquid metal embrittlement of steel during hot-dip galvanizing<br><strong>TIZIANO BELLEZZE<\/strong><br><br>16:30 Failure of a cast duplex stainless steel valve in a petrochemical environment Failure of an austenitic stainless steel tie rod and cable in a metallurgical plant<br><strong>LORENZO FEDRIZZI<\/strong><br><br>20:00 Social dinner<br><\/p>\n\n\n\n<p class=\"has-text-color has-link-color has-medium-font-size wp-elements-0c9472fba3b4ca578d9ced40cdbdef80\" style=\"color:#aa5564;font-style:normal;font-weight:800;line-height:1.3\"><strong>Wednesday, 8 July 2026<\/strong><br><strong>Palazzo d&#8217;Amico<\/strong><\/p>\n\n\n\n<p class=\"has-ast-global-color-6-color has-text-color has-link-color wp-elements-ec28b7da20b40b632853f413f1e2532e\" style=\"font-size:17px;line-height:1.3\">08:30 Environmentally assisted fatigue<br><strong>LUIGI DI VITO<br><\/strong><br>09:30 EAC initiation and early crack growth under mechanical driving forces below the thresholds levels obtained from conventional testing<br><strong>HENRY HOLROYD<\/strong><br><br>10:00 Coffee break<br><br>10:30 Linear elastic and elasto-plastic fracture mechanics tests. Non-standardized full-scale tests<br><strong>LUIGI DI VITO<br><\/strong><br>11:15 Monitoring EAC by Acoustic Emission and Electrochemical Noise techniques<br><strong>EDOARDO PROVERBIO<\/strong><br><br>12:30 Light lunch<br><br>14:00 Group Social Trip to the Aeolian Islands<\/p>\n\n\n\n<p class=\"has-text-color has-link-color has-medium-font-size wp-elements-3d15e0b7fc6a1215fca2b2835a5d979a\" style=\"color:#aa5564;font-style:normal;font-weight:800\"><strong>Thursday, 9 July 2026<\/strong><br><strong>Palazzo d&#8217;Amico<\/strong><\/p>\n\n\n\n<p class=\"has-ast-global-color-6-color has-text-color has-link-color wp-elements-52de74874b5e1eb64195365545fc318f\" style=\"font-size:17px;line-height:1.3\">08:30 Examination<br>10:00 <strong>Technical-educational Visit to Raffineria di Milazzo S.C.p.A.<\/strong><\/p>\n\n\n\n<ul class=\"wp-block-list\">\n<li class=\"has-ast-global-color-6-color has-text-color has-link-color wp-elements-655ca0afe15c54e7e15d2b6ffe939ce4\" style=\"font-size:17px;line-height:1.3\">Technical seminar<\/li>\n\n\n\n<li class=\"has-ast-global-color-6-color has-text-color has-link-color wp-elements-bcd8e01ee28183e66e1131ef5b243c3f\" style=\"font-size:17px;line-height:1.3\">Lunch<\/li>\n\n\n\n<li class=\"has-ast-global-color-6-color has-text-color has-link-color wp-elements-f1a3a614cde7a4a4a045ff4baf0b8ef5\" style=\"font-size:17px;line-height:1.3\">Visit to the refinery<\/li>\n<\/ul>\n\n\n\n<p class=\"has-ast-global-color-6-color has-text-color has-link-color wp-elements-cbec2f205c4bea56990b0d264e728bfa\" style=\"font-size:17px;line-height:1.3\">15:00 Compilation of satisfaction<\/p>\n\n\n\n<ul class=\"wp-block-list\">\n<li class=\"has-ast-global-color-6-color has-text-color has-link-color wp-elements-12725d87076be50a110862551aaf00b7\" style=\"font-size:17px;line-height:1.3\">Survey<\/li>\n\n\n\n<li class=\"has-ast-global-color-6-color has-text-color has-link-color wp-elements-37e749f0059575118ebc700683fae66a\" style=\"font-size:17px;line-height:1.3\">Questions and answer<\/li>\n\n\n\n<li class=\"has-ast-global-color-6-color has-text-color has-link-color wp-elements-9e1df856c7054f0ee603a8b54c34ca6c\" style=\"font-size:17px;line-height:1.3\">Round table<\/li>\n\n\n\n<li class=\"has-ast-global-color-6-color has-text-color has-link-color wp-elements-b43f851bb1f0e0653cdc84158d36f202\" style=\"font-size:17px;line-height:1.3\">Thank You &amp; Closing Remarks<\/li>\n<\/ul>\n\n\n\n<p class=\"has-ast-global-color-6-color has-text-color has-link-color wp-elements-fcab069e8cf8eb63929f0e58e2c1e0bd\" style=\"font-size:17px;line-height:1.3\">16:00 End of the school<br><\/p>\n\n\n\n<p class=\"has-text-color has-link-color has-medium-font-size wp-elements-5c3dcbff8a93664cc9cc0be2aca9317e\" style=\"color:#aa5564\"><strong><a href=\"https:\/\/www.aimnet.it\/public\/Eventi\/17655530453884.pdf\" data-type=\"link\" data-id=\"https:\/\/www.aimnet.it\/public\/Eventi\/17655530453884.pdf\" target=\"_blank\" rel=\"noreferrer noopener\">Download PDF Programme <\/a><\/strong><\/p>\n\n\n\n<p><\/p>\n","protected":false},"excerpt":{"rendered":"<p>Sunday, 5 July 2026Castello di Milazzo Aperitif with team building 15:00 Registration16:00 Welcome to participants and introduction to the School16:30 [&hellip;]<\/p>\n","protected":false},"author":1,"featured_media":0,"parent":0,"menu_order":0,"comment_status":"closed","ping_status":"closed","template":"","meta":{"site-sidebar-layout":"default","site-content-layout":"","ast-site-content-layout":"default","site-content-style":"default","site-sidebar-style":"default","ast-global-header-display":"","ast-banner-title-visibility":"","ast-main-header-display":"","ast-hfb-above-header-display":"","ast-hfb-below-header-display":"","ast-hfb-mobile-header-display":"","site-post-title":"","ast-breadcrumbs-content":"","ast-featured-img":"","footer-sml-layout":"","ast-disable-related-posts":"","theme-transparent-header-meta":"","adv-header-id-meta":"","stick-header-meta":"","header-above-stick-meta":"","header-main-stick-meta":"","header-below-stick-meta":"","astra-migrate-meta-layouts":"default","ast-page-background-enabled":"default","ast-page-background-meta":{"desktop":{"background-color":"var(--ast-global-color-5)","background-image":"","background-repeat":"repeat","background-position":"center center","background-size":"auto","background-attachment":"scroll","background-type":"","background-media":"","overlay-type":"","overlay-color":"","overlay-opacity":"","overlay-gradient":""},"tablet":{"background-color":"","background-image":"","background-repeat":"repeat","background-position":"center center","background-size":"auto","background-attachment":"scroll","background-type":"","background-media":"","overlay-type":"","overlay-color":"","overlay-opacity":"","overlay-gradient":""},"mobile":{"background-color":"","background-image":"","background-repeat":"repeat","background-position":"center center","background-size":"auto","background-attachment":"scroll","background-type":"","background-media":"","overlay-type":"","overlay-color":"","overlay-opacity":"","overlay-gradient":""}},"ast-content-background-meta":{"desktop":{"background-color":"var(--ast-global-color-4)","background-image":"","background-repeat":"repeat","background-position":"center center","background-size":"auto","background-attachment":"scroll","background-type":"","background-media":"","overlay-type":"","overlay-color":"","overlay-opacity":"","overlay-gradient":""},"tablet":{"background-color":"var(--ast-global-color-4)","background-image":"","background-repeat":"repeat","background-position":"center center","background-size":"auto","background-attachment":"scroll","background-type":"","background-media":"","overlay-type":"","overlay-color":"","overlay-opacity":"","overlay-gradient":""},"mobile":{"background-color":"var(--ast-global-color-4)","background-image":"","background-repeat":"repeat","background-position":"center center","background-size":"auto","background-attachment":"scroll","background-type":"","background-media":"","overlay-type":"","overlay-color":"","overlay-opacity":"","overlay-gradient":""}},"footnotes":""},"class_list":["post-155","page","type-page","status-publish","hentry"],"_links":{"self":[{"href":"https:\/\/www.aimnet.it\/eac\/wp-json\/wp\/v2\/pages\/155","targetHints":{"allow":["GET"]}}],"collection":[{"href":"https:\/\/www.aimnet.it\/eac\/wp-json\/wp\/v2\/pages"}],"about":[{"href":"https:\/\/www.aimnet.it\/eac\/wp-json\/wp\/v2\/types\/page"}],"author":[{"embeddable":true,"href":"https:\/\/www.aimnet.it\/eac\/wp-json\/wp\/v2\/users\/1"}],"replies":[{"embeddable":true,"href":"https:\/\/www.aimnet.it\/eac\/wp-json\/wp\/v2\/comments?post=155"}],"version-history":[{"count":9,"href":"https:\/\/www.aimnet.it\/eac\/wp-json\/wp\/v2\/pages\/155\/revisions"}],"predecessor-version":[{"id":239,"href":"https:\/\/www.aimnet.it\/eac\/wp-json\/wp\/v2\/pages\/155\/revisions\/239"}],"wp:attachment":[{"href":"https:\/\/www.aimnet.it\/eac\/wp-json\/wp\/v2\/media?parent=155"}],"curies":[{"name":"wp","href":"https:\/\/api.w.org\/{rel}","templated":true}]}}