{"id":615,"date":"2021-12-21T10:23:37","date_gmt":"2021-12-21T09:23:37","guid":{"rendered":"http:\/\/www.aimnet.it\/nazionaleaim\/?page_id=615"},"modified":"2024-09-03T10:08:26","modified_gmt":"2024-09-03T08:08:26","slug":"sede","status":"publish","type":"page","link":"http:\/\/www.aimnet.it\/nazionaleaim\/sede\/","title":{"rendered":"SEDE E INFORMAZIONI LOGISTICHE"},"content":{"rendered":"<div class=\"gridContainer\">\n<h5><strong>SEDE DEL CONVEGNO<\/strong><\/h5>\n<\/div>\n\n<div class=\"gridContainer\">\n<p><\/p>\n<\/div>\n\n<div class=\"gridContainer\">\n<p>Il 40\u00b0 Convegno Nazionale AIM si terr\u00e0 a Napoli presso la Scuola Politecnica e delle Scienze di Base dell\u2019Universit\u00e0 degli Studi di Napoli Federico II in Piazzale Vincenzo Tecchio, 80. <\/p>\n<\/div>\n\n<div class=\"gridContainer\">\n<p>>> <a href=\"https:\/\/www.aimnet.it\/public\/PDF\/2024\/40_AIM\/PGE.pdf\">DOWNLOAD PIANO GESTIONE EMERGENZE<\/a><br><br><\/p>\n<\/div>\n\n<div class=\"gridContainer\">\n<p>La Cerimonia d\u2019apertura del Convegno, il pomeriggio dell\u201911 settembre, si terr\u00e0 presso l\u2019Aula Magna del Complesso Napoli Est dell\u2019Universit\u00e0 degli Studi di Napoli Federico II in Corso Nicolangelo Protopisani, 70.<\/p>\n<\/div>\n\n<div class=\"gridContainer\">\n<p>.<\/p>\n<\/div>\n\n<div class=\"gridContainer\">\n<p><\/p>\n<\/div>\n\n<div class=\"gridContainer\">\n<p class=\"has-text-align-center\"><br><a rel=\"noreferrer noopener\" href=\"https:\/\/www.aimnet.it\/public\/PDF\/2024\/40_AIM\/MAPPA_NAPOLI.pdf\" target=\"_blank\"><img loading=\"lazy\" width=\"800\" height=\"137\" class=\"wp-image-1106\" style=\"width: 250px;\" src=\"http:\/\/www.aimnet.it\/nazionaleaim\/wp-content\/uploads\/2024\/04\/TRASPORTI.jpg\" alt=\"\" srcset=\"http:\/\/www.aimnet.it\/nazionaleaim\/wp-content\/uploads\/2024\/04\/TRASPORTI.jpg 800w, http:\/\/www.aimnet.it\/nazionaleaim\/wp-content\/uploads\/2024\/04\/TRASPORTI-300x51.jpg 300w, http:\/\/www.aimnet.it\/nazionaleaim\/wp-content\/uploads\/2024\/04\/TRASPORTI-768x132.jpg 768w\" sizes=\"(max-width: 800px) 100vw, 800px\" \/><\/a>   <a rel=\"noreferrer noopener\" href=\"https:\/\/www.infoturismonapoli.it\/category\/eventi\/\" target=\"_blank\"><img loading=\"lazy\" width=\"800\" height=\"137\" class=\"wp-image-1107\" style=\"width: 250px;\" src=\"http:\/\/www.aimnet.it\/nazionaleaim\/wp-content\/uploads\/2024\/04\/EVENTI.jpg\" alt=\"\" srcset=\"http:\/\/www.aimnet.it\/nazionaleaim\/wp-content\/uploads\/2024\/04\/EVENTI.jpg 800w, http:\/\/www.aimnet.it\/nazionaleaim\/wp-content\/uploads\/2024\/04\/EVENTI-300x51.jpg 300w, http:\/\/www.aimnet.it\/nazionaleaim\/wp-content\/uploads\/2024\/04\/EVENTI-768x132.jpg 768w\" sizes=\"(max-width: 800px) 100vw, 800px\" \/><\/a>   <a rel=\"noreferrer noopener\" href=\"https:\/\/www.aimnet.it\/public\/PDF\/2024\/40_AIM\/HOTEL.pdf\" target=\"_blank\"><img loading=\"lazy\" width=\"800\" height=\"137\" class=\"wp-image-1108\" style=\"width: 250px;\" src=\"http:\/\/www.aimnet.it\/nazionaleaim\/wp-content\/uploads\/2024\/04\/HOTEL.jpg\" alt=\"\" srcset=\"http:\/\/www.aimnet.it\/nazionaleaim\/wp-content\/uploads\/2024\/04\/HOTEL.jpg 800w, http:\/\/www.aimnet.it\/nazionaleaim\/wp-content\/uploads\/2024\/04\/HOTEL-300x51.jpg 300w, http:\/\/www.aimnet.it\/nazionaleaim\/wp-content\/uploads\/2024\/04\/HOTEL-768x132.jpg 768w\" sizes=\"(max-width: 800px) 100vw, 800px\" \/><\/a><br><br><\/p>\n<\/div>\n\n<div class=\"gridContainer\">\n<p><\/p>\n<\/div>\n\n<div class=\"gridContainer\">\n<h5><strong>MAPPA DEL CONVEGNO E STRUTTURE ALBERGHIERE CONSIGLIATE<\/strong><\/h5>\n<\/div>\n\n<div class=\"gridContainer\">\n<p>(apri l&#8217;elenco delle location cliccando sull&#8217;icona in alto a sinistra sulla mappa)<\/p>\n<\/div>\n\n<p><iframe loading=\"lazy\" src=\"https:\/\/www.google.com\/maps\/d\/embed?mid=1oUKEVM8lTpJBd5BI3J6-RtyRVBQTSt4&amp;ehbc=2E312F\" width=\"640\" height=\"480\"><\/iframe><\/p>\n\n<div class=\"gridContainer\">\n<h5><strong>NAPOLI<\/strong><\/h5>\n<\/div>\n\n<div class=\"gridContainer\">\n<p>Napoli \u00e8 citt\u00e0 di miti e leggende, di storia e di arte, luogo esoterico e di interesse mondiale. Si narra che il primo insediamento sia nato grazie alla storia d\u2019amore tra una bellissima donna greca, Parthenope ed il suo amato, Cimone. I due giovani, ostacolati dalla famiglia di lei che l\u2019aveva gi\u00e0 promessa in sposa, decisero di fuggire e, dopo un lungo viaggio, i due approdarono su un lido che cominci\u00f2 a fiorire grazie al loro amore.<\/p>\n<\/div>\n\n<div class=\"gridContainer\">\n<p>Un altro mito racconta che Ulisse decise di affrontare le sirene presso l\u2019arcipelago de \u201cLi Galli\u201d (Positano, Salerno) dove esse vivevano.<\/p>\n<\/div>\n\n<div class=\"gridContainer\">\n<p>Egli riusc\u00ec a salvare la propria nave e l\u2019equipaggio, superando incolume la dimora delle sirene con un abile stratagemma. La pi\u00f9 bella tra tutte le sirene era Parthenope.<\/p>\n<\/div>\n\n<div class=\"gridContainer\">\n<p>Fiera della propria abilit\u00e0 nel canto, certa che nessuno potesse sfuggire al magico suono della propria voce, la sirena non accetta la sconfitta subita di fronte all\u2019ingegno dell\u2019eroe greco e si lascia annegare tra le acque dell\u2019arcipelago.<\/p>\n<\/div>\n\n<div class=\"gridContainer\">\n<p>Il mare, per\u00f2, non pu\u00f2 permettere la perdita di una creatura di tanto splendore e le onde ne raccolgono il corpo ormai privo di vita. Trasportata dalle acque, Parthenope si arena nel golfo di Napoli ed il suo corpo dar\u00e0 vita a parte della costa. Il luogo esatto dove si ferm\u00f2 il corpo \u00e8 identificato con l\u2019isolotto di Megaride dove ora sorge Castel dell\u2019Ovo.<br><br><\/p>\n<\/div>\n\n<p><iframe loading=\"lazy\" title=\"YouTube video player\" src=\"https:\/\/www.youtube.com\/embed\/aH0rkhoZxCs?si=y-PaUlUoRncekovy\" width=\"560\" height=\"315\" frameborder=\"0\" allowfullscreen=\"allowfullscreen\"><\/iframe><\/p>\n\n<div class=\"gridContainer\">\n<p><\/p>\n<\/div>","protected":false},"excerpt":{"rendered":"<p>SEDE DEL CONVEGNO Il 40\u00b0 Convegno Nazionale AIM si terr\u00e0 a Napoli presso la Scuola Politecnica e delle Scienze di Base dell\u2019Universit\u00e0 degli Studi di Napoli Federico II in Piazzale Vincenzo Tecchio, 80. >> DOWNLOAD PIANO GESTIONE EMERGENZE La Cerimonia d\u2019apertura del Convegno, il pomeriggio dell\u201911 settembre, si terr\u00e0 presso l\u2019Aula Magna del Complesso Napoli&nbsp;&hellip;<\/p>\n","protected":false},"author":1,"featured_media":0,"parent":0,"menu_order":0,"comment_status":"closed","ping_status":"closed","template":"","meta":[],"_links":{"self":[{"href":"http:\/\/www.aimnet.it\/nazionaleaim\/wp-json\/wp\/v2\/pages\/615"}],"collection":[{"href":"http:\/\/www.aimnet.it\/nazionaleaim\/wp-json\/wp\/v2\/pages"}],"about":[{"href":"http:\/\/www.aimnet.it\/nazionaleaim\/wp-json\/wp\/v2\/types\/page"}],"author":[{"embeddable":true,"href":"http:\/\/www.aimnet.it\/nazionaleaim\/wp-json\/wp\/v2\/users\/1"}],"replies":[{"embeddable":true,"href":"http:\/\/www.aimnet.it\/nazionaleaim\/wp-json\/wp\/v2\/comments?post=615"}],"version-history":[{"count":52,"href":"http:\/\/www.aimnet.it\/nazionaleaim\/wp-json\/wp\/v2\/pages\/615\/revisions"}],"predecessor-version":[{"id":1396,"href":"http:\/\/www.aimnet.it\/nazionaleaim\/wp-json\/wp\/v2\/pages\/615\/revisions\/1396"}],"wp:attachment":[{"href":"http:\/\/www.aimnet.it\/nazionaleaim\/wp-json\/wp\/v2\/media?parent=615"}],"curies":[{"name":"wp","href":"https:\/\/api.w.org\/{rel}","templated":true}]}}